{"id":1293,"date":"2023-10-09T16:25:44","date_gmt":"2023-10-09T19:25:44","guid":{"rendered":"https:\/\/planos.acenotelecom.com.br\/?page_id=1293"},"modified":"2023-10-09T16:33:05","modified_gmt":"2023-10-09T19:33:05","slug":"politica-de-privacidade","status":"publish","type":"page","link":"https:\/\/planos.acenotelecom.com.br\/index.php\/politica-de-privacidade\/","title":{"rendered":"Pol\u00edtica de Privacidade"},"content":{"rendered":"\t\t<div data-elementor-type=\"wp-page\" data-elementor-id=\"1293\" class=\"elementor elementor-1293\" data-elementor-post-type=\"page\">\n\t\t\t\t\t\t<section class=\"elementor-section elementor-top-section elementor-element elementor-element-32eb55c3 jkit-sticky-element--enabled jkit-sticky-element-on--both elementor-section-boxed elementor-section-height-default elementor-section-height-default\" data-id=\"32eb55c3\" data-element_type=\"section\" data-settings=\"{&quot;background_background&quot;:&quot;classic&quot;,&quot;jkit_sticky_device&quot;:[&quot;desktop&quot;,&quot;tablet&quot;,&quot;mobile&quot;],&quot;_ha_eqh_enable&quot;:false,&quot;jkit_sticky_top_position&quot;:{&quot;unit&quot;:&quot;px&quot;,&quot;size&quot;:0,&quot;sizes&quot;:[]},&quot;jkit_sticky_bottom_position&quot;:{&quot;unit&quot;:&quot;px&quot;,&quot;size&quot;:0,&quot;sizes&quot;:[]}}\">\n\t\t\t\t\t\t\t<div class=\"elementor-background-overlay\"><\/div>\n\t\t\t\t\t\t\t<div class=\"elementor-container elementor-column-gap-default\">\n\t\t\t\t\t<div class=\"elementor-column elementor-col-100 elementor-top-column elementor-element elementor-element-52999613\" data-id=\"52999613\" data-element_type=\"column\">\n\t\t\t<div class=\"elementor-widget-wrap elementor-element-populated\">\n\t\t\t\t\t\t<section class=\"elementor-section elementor-inner-section elementor-element elementor-element-75a613df elementor-section-boxed elementor-section-height-default elementor-section-height-default\" data-id=\"75a613df\" data-element_type=\"section\" data-settings=\"{&quot;_ha_eqh_enable&quot;:false}\">\n\t\t\t\t\t\t<div class=\"elementor-container elementor-column-gap-no\">\n\t\t\t\t\t<div class=\"elementor-column elementor-col-100 elementor-inner-column elementor-element elementor-element-77a77d8d\" data-id=\"77a77d8d\" data-element_type=\"column\">\n\t\t\t<div class=\"elementor-widget-wrap elementor-element-populated\">\n\t\t\t\t\t\t<div class=\"elementor-element elementor-element-73415501 elementor-widget__width-initial animated-slow elementor-invisible elementor-widget elementor-widget-jkit_post_title\" data-id=\"73415501\" data-element_type=\"widget\" data-settings=\"{&quot;_animation&quot;:&quot;fadeIn&quot;}\" data-widget_type=\"jkit_post_title.default\">\n\t\t\t\t<div class=\"elementor-widget-container\">\n\t\t\t<div  class=\"jeg-elementor-kit jkit-post-title jeg_module___69fb2d23b51ed\" ><h1 class=\"post-title style-color \">Pol\u00edtica de Privacidade<\/h1><\/div>\t\t<\/div>\n\t\t\t\t<\/div>\n\t\t\t\t\t<\/div>\n\t\t<\/div>\n\t\t\t\t\t<\/div>\n\t\t<\/section>\n\t\t\t\t<div class=\"elementor-element elementor-element-798f77 elementor-widget elementor-widget-spacer\" data-id=\"798f77\" data-element_type=\"widget\" data-widget_type=\"spacer.default\">\n\t\t\t\t<div class=\"elementor-widget-container\">\n\t\t\t\t\t<div class=\"elementor-spacer\">\n\t\t\t<div class=\"elementor-spacer-inner\"><\/div>\n\t\t<\/div>\n\t\t\t\t<\/div>\n\t\t\t\t<\/div>\n\t\t\t\t<section class=\"elementor-section elementor-inner-section elementor-element elementor-element-5bcc3072 elementor-section-boxed elementor-section-height-default elementor-section-height-default\" data-id=\"5bcc3072\" data-element_type=\"section\" data-settings=\"{&quot;_ha_eqh_enable&quot;:false}\">\n\t\t\t\t\t\t<div class=\"elementor-container elementor-column-gap-no\">\n\t\t\t\t\t<div class=\"elementor-column elementor-col-100 elementor-inner-column elementor-element elementor-element-6bfcb978\" data-id=\"6bfcb978\" data-element_type=\"column\">\n\t\t\t<div class=\"elementor-widget-wrap\">\n\t\t\t\t\t\t\t<\/div>\n\t\t<\/div>\n\t\t\t\t\t<\/div>\n\t\t<\/section>\n\t\t\t\t\t<\/div>\n\t\t<\/div>\n\t\t\t\t\t<\/div>\n\t\t<\/section>\n\t\t\t\t<section class=\"elementor-section elementor-top-section elementor-element elementor-element-46636aea elementor-section-full_width elementor-section-height-default elementor-section-height-default\" data-id=\"46636aea\" data-element_type=\"section\" data-settings=\"{&quot;_ha_eqh_enable&quot;:false}\">\n\t\t\t\t\t\t<div class=\"elementor-container elementor-column-gap-default\">\n\t\t\t\t\t<div class=\"elementor-column elementor-col-100 elementor-top-column elementor-element elementor-element-2935ff8e\" data-id=\"2935ff8e\" data-element_type=\"column\">\n\t\t\t<div class=\"elementor-widget-wrap elementor-element-populated\">\n\t\t\t\t\t\t<section class=\"elementor-section elementor-inner-section elementor-element elementor-element-d5e5523 elementor-section-full_width elementor-section-height-default elementor-section-height-default\" data-id=\"d5e5523\" data-element_type=\"section\" data-settings=\"{&quot;background_background&quot;:&quot;classic&quot;,&quot;_ha_eqh_enable&quot;:false}\">\n\t\t\t\t\t\t<div class=\"elementor-container elementor-column-gap-no\">\n\t\t\t\t\t<div class=\"elementor-column elementor-col-100 elementor-inner-column elementor-element elementor-element-6c2c1595\" data-id=\"6c2c1595\" data-element_type=\"column\">\n\t\t\t<div class=\"elementor-widget-wrap elementor-element-populated\">\n\t\t\t\t\t\t<div class=\"elementor-element elementor-element-53f055d2 elementor-widget elementor-widget-spacer\" data-id=\"53f055d2\" data-element_type=\"widget\" data-widget_type=\"spacer.default\">\n\t\t\t\t<div class=\"elementor-widget-container\">\n\t\t\t\t\t<div class=\"elementor-spacer\">\n\t\t\t<div class=\"elementor-spacer-inner\"><\/div>\n\t\t<\/div>\n\t\t\t\t<\/div>\n\t\t\t\t<\/div>\n\t\t\t\t\t<\/div>\n\t\t<\/div>\n\t\t\t\t\t<\/div>\n\t\t<\/section>\n\t\t\t\t\t<\/div>\n\t\t<\/div>\n\t\t\t\t\t<\/div>\n\t\t<\/section>\n\t\t\t\t<section class=\"elementor-section elementor-top-section elementor-element elementor-element-33378e1b elementor-section-boxed elementor-section-height-default elementor-section-height-default\" data-id=\"33378e1b\" data-element_type=\"section\" data-settings=\"{&quot;background_background&quot;:&quot;classic&quot;,&quot;_ha_eqh_enable&quot;:false}\">\n\t\t\t\t\t\t<div class=\"elementor-container elementor-column-gap-no\">\n\t\t\t\t\t<div class=\"elementor-column elementor-col-100 elementor-top-column elementor-element elementor-element-3b16cfff\" data-id=\"3b16cfff\" data-element_type=\"column\">\n\t\t\t<div class=\"elementor-widget-wrap elementor-element-populated\">\n\t\t\t\t\t\t<div class=\"elementor-element elementor-element-16418893 elementor-widget elementor-widget-text-editor\" data-id=\"16418893\" data-element_type=\"widget\" data-widget_type=\"text-editor.default\">\n\t\t\t\t<div class=\"elementor-widget-container\">\n\t\t\t\t\t\t\t<p>Respeitando a privacidade de cada visitante em nosso site, adotamos pol\u00edticas que visem a prote\u00e7\u00e3o e preserva\u00e7\u00e3o dos dados aqui coletados.<\/p><p>Declaramos que a presente Pol\u00edtica de Privacidade est\u00e1 em total acordo com a Lei Geral de Prote\u00e7\u00e3o de Dados e demais legisla\u00e7\u00f5es pertinentes, refor\u00e7ando nosso compromisso de prote\u00e7\u00e3o e inviolabilidade dos dados de nossos usu\u00e1rios.<\/p><p>Aqui o usu\u00e1rio ser\u00e1 informado acerca do tipo de dados coletados e como eles s\u00e3o usados. Voc\u00ea tamb\u00e9m saber\u00e1 como pode verificar a exatid\u00e3o destas informa\u00e7\u00f5es ou solicitar que a exclus\u00e3o destes dados.<\/p><p><strong>1. Coleta, uso e processamento de dados pessoais<\/strong><\/p><p>Ao visitar nosso site, certos dados s\u00e3o automaticamente armazenados nos nossos servidores para fins de administra\u00e7\u00e3o do sistema, estat\u00edsticos ou backup. Estes dados englobam o nome do seu provedor de Internet, em alguns casos seu endere\u00e7o IP, a vers\u00e3o do software do seu browser, o sistema operacional do computador usado para acessar nosso site, o site que est\u00e1 usando para nos visitar, os sites que voc\u00ea visita enquanto est\u00e1 conosco e, se aplic\u00e1vel, quaisquer termos de busca que estiver usando para encontrar o nosso site. Dependendo das circunst\u00e2ncias, esses dados podem permitir que algumas conclus\u00f5es sejam tiradas acerca de certos visitantes do site. Entretanto, nenhuma informa\u00e7\u00e3o de natureza pessoal ser\u00e1 usada neste contexto. Esses dados s\u00e3o usados unicamente depois de terem sido apresentados de maneira an\u00f4nima. Caso sejam transferidos dados a um provedor externo, medidas t\u00e9cnicas e organizacionais ser\u00e3o tomadas para garantir que a sua transmiss\u00e3o ocorra em conformidade com os regulamentos legais de prote\u00e7\u00e3o de dados.<\/p><p>Caso voc\u00ea voluntariamente nos forne\u00e7a dados pessoais, n\u00e3o os usaremos, processaremos ou transferiremos, al\u00e9m dos limites permitidos por estatuto ou definidos por voc\u00ea em sua declara\u00e7\u00e3o de consentimento. Al\u00e9m disso, s\u00f3 transferiremos os seus dados se formos obrigados a isso por ordem judicial.<\/p><p>Quaisquer altera\u00e7\u00f5es desta Declara\u00e7\u00e3o de Privacidade ser\u00e3o publicadas nesta p\u00e1gina. Isto permite que voc\u00ea se mantenha informado, a qualquer hora, sobre quais dados estamos armazenando e como os coletamos e utilizamos.<\/p><p><strong>2. Seguran\u00e7a<\/strong><\/p><p>Declaramos que todos os seus dados ser\u00e3o armazenados com seguran\u00e7a, e que adotaremos todas as medidas de precau\u00e7\u00e3o para proteger seus dados contra perdas, abusos ou altera\u00e7\u00f5es.<\/p><p><strong>3. Cookies<\/strong><\/p><p>Usamos cookies para permitir que voc\u00ea obtenha mais do nosso site. Os cookies s\u00e3o pequenas unidades de dados temporariamente armazenadas no disco r\u00edgido do computador pelo navegador, necess\u00e1rias para navegar no nosso site. Eles n\u00e3o cont\u00eam informa\u00e7\u00f5es pessoais sobre voc\u00ea e n\u00e3o pode us\u00e1-lo para identificar um usu\u00e1rio individual. Um cookie geralmente inclui um identificador exclusivo, que \u00e9 um n\u00famero an\u00f4nimo (gerado aleatoriamente) armazenado em seu dispositivo. Alguns expiram no final da sess\u00e3o do seu site, outros permanecem no seu computador por mais tempo.<\/p><p><strong>As informa\u00e7\u00f5es contidas em cookies s\u00e3o utilizadas para melhorar os servi\u00e7os de navega\u00e7\u00e3o por exemplo:<\/strong><\/p><ul><li><pre>Permitir que um servi\u00e7o reconhe\u00e7a sua m\u00e1quina, para que voc\u00ea n\u00e3o precise fornecer as mesmas informa\u00e7\u00f5es v\u00e1rias vezes ao realizar uma tarefa ou durante uma sess\u00e3o, por exemplo, preenchendo um formul\u00e1rio ou uma pesquisa online.<\/pre><\/li><li><pre>Dando suporte \u00e0 funcionalidade Minha Cole\u00e7\u00e3o<\/pre><\/li><li><pre>Permitindo que o reprodutor de v\u00eddeo funcione adequadamente <\/pre><\/li><li><pre>Medindo quantas pessoas est\u00e3o utilizando os servi\u00e7os, permitindo que a utiliza\u00e7\u00e3o de tais servi\u00e7os seja facilitada e garantindo que haja capacidade suficiente para manter sua agilidade; analisando dados an\u00f4nimos para nos ajudar a compreender como as pessoas interagem com os diferentes aspectos de nossos servi\u00e7os online para que possamos aprimor\u00e1-los<\/pre><\/li><\/ul><p><strong>Por fim, nos reservamos ao direito de alterar a qualquer tempo os termos e condi\u00e7\u00f5es deste contrato, que ser\u00e1 sempre exibido a todos que acessarem este documento atrav\u00e9s do site.<\/strong><\/p>\t\t\t\t\t\t<\/div>\n\t\t\t\t<\/div>\n\t\t\t\t\t<\/div>\n\t\t<\/div>\n\t\t\t\t\t<\/div>\n\t\t<\/section>\n\t\t\t\t<\/div>\n\t\t","protected":false},"excerpt":{"rendered":"<p>Pol\u00edtica de Privacidade Respeitando a privacidade de cada visitante em nosso site, adotamos pol\u00edticas que visem a prote\u00e7\u00e3o e preserva\u00e7\u00e3o dos dados aqui coletados. Declaramos que a presente Pol\u00edtica de Privacidade est\u00e1 em total acordo com a Lei Geral de Prote\u00e7\u00e3o de Dados e demais legisla\u00e7\u00f5es pertinentes, refor\u00e7ando nosso compromisso de prote\u00e7\u00e3o e inviolabilidade dos [&hellip;]<\/p>\n","protected":false},"author":1,"featured_media":0,"parent":0,"menu_order":0,"comment_status":"closed","ping_status":"closed","template":"elementor_canvas","meta":{"_seopress_robots_primary_cat":"","_seopress_titles_title":"","_seopress_titles_desc":"","_seopress_robots_index":"","footnotes":""},"acf":[],"_links":{"self":[{"href":"https:\/\/planos.acenotelecom.com.br\/index.php\/wp-json\/wp\/v2\/pages\/1293"}],"collection":[{"href":"https:\/\/planos.acenotelecom.com.br\/index.php\/wp-json\/wp\/v2\/pages"}],"about":[{"href":"https:\/\/planos.acenotelecom.com.br\/index.php\/wp-json\/wp\/v2\/types\/page"}],"author":[{"embeddable":true,"href":"https:\/\/planos.acenotelecom.com.br\/index.php\/wp-json\/wp\/v2\/users\/1"}],"replies":[{"embeddable":true,"href":"https:\/\/planos.acenotelecom.com.br\/index.php\/wp-json\/wp\/v2\/comments?post=1293"}],"version-history":[{"count":7,"href":"https:\/\/planos.acenotelecom.com.br\/index.php\/wp-json\/wp\/v2\/pages\/1293\/revisions"}],"predecessor-version":[{"id":1304,"href":"https:\/\/planos.acenotelecom.com.br\/index.php\/wp-json\/wp\/v2\/pages\/1293\/revisions\/1304"}],"wp:attachment":[{"href":"https:\/\/planos.acenotelecom.com.br\/index.php\/wp-json\/wp\/v2\/media?parent=1293"}],"curies":[{"name":"wp","href":"https:\/\/api.w.org\/{rel}","templated":true}]}}